{"id":27,"date":"2017-05-08T21:37:50","date_gmt":"2017-05-08T21:37:50","guid":{"rendered":"http:\/\/faculty.fiu.edu\/~dolatad\/wordpress\/?page_id=27"},"modified":"2026-03-24T20:30:08","modified_gmt":"2026-03-24T20:30:08","slug":"about","status":"publish","type":"page","link":"https:\/\/faculty.fiu.edu\/~dolatad\/home\/about\/","title":{"rendered":"Academic\/Research"},"content":{"rendered":"\n<div align=\"left\"><strong>Books<\/strong><\/div>\n<div align=\"left\">&nbsp;<\/div>\n\n\n\n<div class=\"wp-block-media-text is-stacked-on-mobile is-vertically-aligned-center\"><figure class=\"wp-block-media-text__media\"><img loading=\"lazy\" decoding=\"async\" width=\"805\" height=\"1024\" src=\"https:\/\/faculty.fiu.edu\/~dolatad\/wp-content\/uploads\/2026\/03\/Front-Page-1-805x1024.jpeg\" alt=\"\" class=\"wp-image-896 size-full\" srcset=\"https:\/\/faculty.fiu.edu\/~dolatad\/wp-content\/uploads\/2026\/03\/Front-Page-1-805x1024.jpeg 805w, https:\/\/faculty.fiu.edu\/~dolatad\/wp-content\/uploads\/2026\/03\/Front-Page-1-236x300.jpeg 236w, https:\/\/faculty.fiu.edu\/~dolatad\/wp-content\/uploads\/2026\/03\/Front-Page-1-768x977.jpeg 768w, https:\/\/faculty.fiu.edu\/~dolatad\/wp-content\/uploads\/2026\/03\/Front-Page-1-1207x1536.jpeg 1207w, https:\/\/faculty.fiu.edu\/~dolatad\/wp-content\/uploads\/2026\/03\/Front-Page-1-1610x2048.jpeg 1610w, https:\/\/faculty.fiu.edu\/~dolatad\/wp-content\/uploads\/2026\/03\/Front-Page-1-624x794.jpeg 624w, https:\/\/faculty.fiu.edu\/~dolatad\/wp-content\/uploads\/2026\/03\/Front-Page-1-scaled.jpeg 2012w\" sizes=\"auto, (max-width: 805px) 100vw, 805px\" \/><\/figure><div class=\"wp-block-media-text__content\">\n<p><em>Tablature 1300\u20131750. An Encyclopedia.<\/em>&nbsp;Co-editor and author with John Griffiths and Philipp Vendrix. Centre d&#8217;Etudes Sup\u00e9rieures de la Renaissance (CESR) at the Universit\u00e9 Fran\u00e7ois-Rabelais de Tours &#8211; CNRS (Brepols, 2026).<\/p>\n<\/div><\/div>\n\n\n\n<div class=\"wp-block-media-text alignwide is-stacked-on-mobile\"><figure class=\"wp-block-media-text__media\"><img loading=\"lazy\" decoding=\"async\" width=\"692\" height=\"1024\" src=\"http:\/\/faculty.fiu.edu\/~dolatad\/wp-content\/uploads\/2017\/05\/MeantoneTemperaments_SS16_cover-692x1024.jpg\" alt=\"\" class=\"wp-image-255 size-full\"\/><\/figure><div class=\"wp-block-media-text__content\">\n<p class=\"has-normal-font-size\"><em><a href=\"https:\/\/faculty.fiu.edu\/~dolatad\/meantone-temperaments-on-lutes-and-viols\/\" data-type=\"page\" data-id=\"264\">Meantone Temperaments on Lutes and Viols<\/a>.<\/em>&nbsp;Indiana University Press, 2016.<\/p>\n<\/div><\/div>\n\n\n\n<div align=\"left\">&nbsp;<\/div>\n\n\n\n<p><strong>Critical Editions<\/strong><\/p>\n\n\n\n<div class=\"wp-block-media-text alignwide is-stacked-on-mobile\"><figure class=\"wp-block-media-text__media\"><img loading=\"lazy\" decoding=\"async\" width=\"470\" height=\"606\" src=\"http:\/\/faculty.fiu.edu\/~dolatad\/wp-content\/uploads\/2018\/02\/B142_Cover.jpg\" alt=\"\" class=\"wp-image-495 size-full\" srcset=\"https:\/\/faculty.fiu.edu\/~dolatad\/wp-content\/uploads\/2018\/02\/B142_Cover.jpg 470w, https:\/\/faculty.fiu.edu\/~dolatad\/wp-content\/uploads\/2018\/02\/B142_Cover-233x300.jpg 233w\" sizes=\"auto, (max-width: 470px) 100vw, 470px\" \/><\/figure><div class=\"wp-block-media-text__content\">\n<p class=\"has-normal-font-size\"><em>Bellerofonte Castaldi&#8217;s \u201cCapricci a due stromenti\u201d<\/em>&nbsp;in Recent Researches of Music in the Baroque Era. Vols. 141 &amp; 142. Middleton, Wisconsin: A-R Editions, 2006.&nbsp;<a href=\"http:\/\/faculty.fiu.edu\/~dolatad\/wordpress\/wp-content\/uploads\/2017\/07\/Rooley-Review-in-Early-Music.pdf\">Review<\/a><br><\/p>\n<\/div><\/div>\n\n\n\n<div class=\"wp-block-group is-nowrap is-layout-flex wp-container-core-group-is-layout-ad2f72ca wp-block-group-is-layout-flex\">\n<div class=\"style16\" align=\"left\">\n<figure><\/figure>\n<div align=\"left\">\n<p class=\"style16\" style=\"padding-left: 30px;\"><em>Two Spiritual Monodies by G.G. Kapsperger <\/em>with Margaret Murata. Society for Seventeenth-Century Music Web Library. 2011. <a href=\"https:\/\/www.sscm-wlscm.org\/main-catalogue\/browse-by-composer\/53-wlscm-no-21\">Link to Edition<\/a>.<\/p>\n<\/div>\n<p><strong>Journal and Encyclopedia Articles<\/strong><\/p>\n<p style=\"padding-left: 30px;\">\u201cStay Tuned: Temperament for Solo Lute 1600\u20131750,&nbsp;<i>BACH: Journal of the &nbsp;Riemenschneider Bach Institute<\/i>, special tunings and temperaments issue (Vol. 52, No. 2, 2022), edited by Ross Duffin and Christine Fuhrmann. <a href=\"https:\/\/shibbolethsp.jstor.org\/start?entityID=https%3A%2F%2Fidp.fiu.edu%2Fopenathens&amp;dest=https:\/\/www.jstor.org\/stable\/48786029&amp;site=jstor\">View on JSTOR<\/a><\/p>\n<p style=\"padding-left: 30px;\"><img loading=\"lazy\" decoding=\"async\" class=\"alignright size-medium wp-image-739\" src=\"http:\/\/faculty.fiu.edu\/~dolatad\/wp-content\/uploads\/2023\/08\/mini_magick20180819-14446-12a1drd-197x300.jpeg\" alt=\"\" width=\"197\" height=\"300\" srcset=\"https:\/\/faculty.fiu.edu\/~dolatad\/wp-content\/uploads\/2023\/08\/mini_magick20180819-14446-12a1drd-197x300.jpeg 197w, https:\/\/faculty.fiu.edu\/~dolatad\/wp-content\/uploads\/2023\/08\/mini_magick20180819-14446-12a1drd.jpeg 416w\" sizes=\"auto, (max-width: 197px) 100vw, 197px\" \/><\/p>\n<p style=\"padding-left: 30px;\">Dolata, David, and G. O\u2019Brien and F. Nocerino. \u201cTiorbino,\u201d in <em>The Grove Dictionary of Musical Instruments, <\/em>2<sup>nd<\/sup> ed., Laurence Libin, editor-in-chief (2014).<\/p>\n<p class=\"style23\" style=\"padding-left: 30px;\">\u201cMaking Cents Out of Fretting Ratios and Vice Versa,\u201d <em>FOHMRI Quarterly<\/em>, No. 124 (June 2013): 16\u201324.<\/p>\n<p class=\"style23\" style=\"padding-left: 30px;\">\u201cCastaldi\u2019s Practice Room: Onomatopoeic Echoes,\u201d <em>FOHMRI Quarterly<\/em>, No. 121 (May 2012): 30\u201334.<\/p>\n<p class=\"style23\" style=\"padding-left: 30px;\">&#8220;Bellerofonte Castaldi (1580\u20131649) of Modena: Musician, Poet, Adventurer,&#8221; <em>Acta Musiologica<\/em>, Journal of the International Musicological Society LXXIX\/1 (2007), pp. 85\u2013111. <a href=\"https:\/\/shibbolethsp.jstor.org\/start?entityID=https%3A%2F%2Fidp.fiu.edu%2Fopenathens&amp;dest=https:\/\/www.jstor.org\/stable\/25071283&amp;site=jstor\">View on&nbsp;JSTOR<\/a><\/p>\n<p class=\"style23\" style=\"padding-left: 30px;\">\u201cVisual and Poetic Allegory in Bellerofonte Castaldi&#8217;s Extraordinary <em>Capricci a due stromenti<\/em>,&#8221; <em>Early Music<\/em> XXXIII\/3 (August 2005), pp. 371\u201391. <a href=\"https:\/\/shibbolethsp.jstor.org\/start?entityID=https%3A%2F%2Fidp.fiu.edu%2Fopenathens&amp;dest=https:\/\/www.jstor.org\/stable\/3519541&amp;site=jstor\">View on JSTOR<\/a><\/p>\n<p class=\"style23\" style=\"padding-left: 30px;\">\u201cBellerofonte Castaldi,\u201d with Nigel Fortune in the <em>New Grove Dictionary of Music and Musicians<\/em>, 2nd Ed. (2001).<\/p>\n<p style=\"padding-left: 30px;\"><em><img loading=\"lazy\" decoding=\"async\" class=\"alignleft wp-image-526\" src=\"http:\/\/faculty.fiu.edu\/~dolatad\/wp-content\/uploads\/2024\/02\/0CB590BD-216E-4EFB-9548-B7F0446C7D95_1_105_c-225x300.jpeg\" alt=\"\" width=\"225\" height=\"300\"><\/em><\/p>\n<p style=\"padding-left: 30px;\">\u201cTunings and Temperaments: Theory in the Service of Practice,\u201d <em>Lute Society of America Quarterly<\/em>, Vol. 30, No. 1 (February 1995): 26\u201329.<\/p>\n<figure>\n<figure><\/figure>\n<\/figure>\n<p style=\"padding-left: 30px;\">\u201cAn Introduction to Tunings and Temperaments, Part II,\u201d <em>Lute Society of America Quarterly<\/em>, Vol. 29, No. 1 (February 1994): 20\u201323.<\/p>\n<p style=\"padding-left: 30px;\">\u201cAn Introduction to Tunings and Temperaments, Part I,\u201d <em>Lute Society of America Quarterly<\/em>, Vol. 28, Nos. 2 &amp; 3 (May\/August 1993): 30\u201331.<\/p>\n<p style=\"padding-left: 30px;\">David Dolata at CESR in Tours, France<\/p>\n<p style=\"padding-left: 30px;\">\u201cLute Tuning with Meantone Temperaments,\u201d <em>Lute Society of America Quarterly,<\/em> Vol. 27, No. 1 (February 1993): 12\u201315.<\/p>\n<p style=\"padding-left: 30px;\">\u201cLute Tuning with Harmonics: A Square Peg in a Round Hole,\u201d <em>Lute Society of America Quarterly, <\/em>Vol. 27, No. 1 (February 1993): 7\u20139.<\/p>\n<p style=\"padding-left: 30px;\">\u201cThe Secret of Tuning by Harmonics,\u201d Soundboard, Journal of the Guitar Foundation of America, Vol. 19, No. 4 (Spring 1993): 27\u201337. <a href=\"http:\/\/faculty.fiu.edu\/~dolatad\/wp-content\/uploads\/2019\/08\/The-Secret-of-Tuning-by-Harmonics.pdf\">View here<\/a><\/p>\n<div class=\"style16\" align=\"left\">\n<p><strong>Book Reviews <\/strong><\/p>\n<div class=\"style16\" align=\"left\">\n<p style=\"padding-left: 30px;\">&nbsp;\u201cDie Laute in Europa: Geschichte und Geschichten zum Geniessen [The Lute in Europe: A History to Delight]\u201d by Andreas Schlegel in <em>MLA Notes<\/em>.&nbsp; September 2009: 96\u20138. <a href=\"https:\/\/shibbolethsp.jstor.org\/start?entityID=https%3A%2F%2Fidp.fiu.edu%2Fopenathens&amp;dest=https:\/\/www.jstor.org\/stable\/40539434&amp;site=jstor\">View on JSTOR<\/a><\/p>\n<p style=\"padding-left: 30px;\">\u201cThe End of Early Music: A Period Performer\u2019s History of Music for the Twenty-First Century,\u201d by Bruce Haynes in <em>MLA Notes<\/em>. June 2008: 767\u20139. <a href=\"https:\/\/shibbolethsp.jstor.org\/start?entityID=https%3A%2F%2Fidp.fiu.edu%2Fopenathens&amp;dest=https:\/\/www.jstor.org\/stable\/30164158&amp;site=jstor\">View on JSTOR<\/a>&nbsp;<\/p>\n<p style=\"padding-left: 30px;\">&nbsp;\u201cHistory, Imagination, and the Performance of Musi<em>c<\/em>\u201d by Peter Walls in <em>MLA Notes<\/em>, December 2004: 451\u20134. <a href=\"https:\/\/shibbolethsp.jstor.org\/start?entityID=https%3A%2F%2Fidp.fiu.edu%2Fopenathens&amp;dest=https:\/\/www.jstor.org\/stable\/3519343&amp;site=jstor\">View on JSTOR<\/a>&nbsp;<\/p>\n<div align=\"left\">\n<p><strong>CD Reviews<\/strong><\/p>\n<p style=\"padding-left: 30px;\" align=\"left\">Byron Schenkman, \u201cThe Fitzwilliam Virginal Book,\u201d in <em>Early Music America<\/em>: Volume 10, Number 1 (Spring 2004): 58\u20139.<\/p>\n<p style=\"padding-left: 30px;\">Musica Pacifica, \u201cVivaldi: La Notte, Concerti per stromenti diversi,\u201d in <em>Early Music America<\/em>: Volume 9, Number 3 (Fall 2003): 16.<\/p>\n<p style=\"padding-left: 30px;\">Chatham Baroque, \u201cHenry Purcell: Sonatas and Theatre Music\u201d in <em>Early Music America<\/em>: Volume 9, Number 3 (Fall 2003): 18.<\/p>\n<p style=\"padding-left: 30px;\">Paul O\u2019Dette, \u201cRoyal Lewters,\u201d in <em>Early Music America<\/em>: Volume 9, Number 2 (Summer 2003): 46.<\/p>\n<\/div>\n<div align=\"left\">\n<div align=\"left\">\n<p><strong>Papers and Presentations<\/strong><\/p>\n<\/div>\n<\/div>\n<\/div>\n<\/div>\n<\/div>\n<\/div>\n\n\n\n\n\n<p style=\"padding-left: 30px;\">&#8220;The Philosophy of Transcription: What Do You Really Mean By That?&#8221; International Musicological Society Study Group Meeting \u201cTablature in Western Music\u201d at Basel Lute Days conference sponsored by the Deutsche Lautengesellschaft at the Schola Cantorum Basiliensis in Basel, Switzerland. September 14, 2025. Start video at 38:00:<\/p>\n<p style=\"padding-left: 30px;\"><iframe loading=\"lazy\" title=\"YouTube video player\" src=\"\/\/www.youtube.com\/embed\/lFGB9anCKw4?si=n1p_KKJh_v3-NXdk\" width=\"560\" height=\"315\" frameborder=\"0\" allowfullscreen=\"allowfullscreen\"><\/iframe><\/p>\n<p style=\"padding-left: 30px;\">\u201c<em>Tablature 1300\u20131750<\/em> Debriefing: Where do we go from here?\u201d Miami International GuitArt Festival: February 25, 2024.<\/p>\n<p style=\"padding-left: 30px;\">\u201c<em>Tablature 1300\u20131750<\/em> Debriefing: Where do we go from here?\u201d International Musicological Society Tablature in Western Music Study Group Meeting, Centre d\u2019Etudes Sup\u00e9rieures de la Renaissance, Tours\/CNRS, November 3, 2023.<\/p>\n<p style=\"padding-left: 30px;\">\u201cIl Fronimo (1584): Thirty New Pages and a Smoking Gun.\u201d Medieval\/Renaissance Conference 2023, Munich, Germany on July 28, 2023. Zoom presentation.<\/p>\n<div id=\"attachment_734\" style=\"width: 310px\" class=\"wp-caption alignright\"><img loading=\"lazy\" decoding=\"async\" aria-describedby=\"caption-attachment-734\" class=\"size-medium wp-image-734\" src=\"http:\/\/faculty.fiu.edu\/~dolatad\/wp-content\/uploads\/2023\/08\/Image-8-22-23-at-09.18-1-300x198.jpg\" alt=\"\" width=\"300\" height=\"198\" srcset=\"https:\/\/faculty.fiu.edu\/~dolatad\/wp-content\/uploads\/2023\/08\/Image-8-22-23-at-09.18-1-300x198.jpg 300w, https:\/\/faculty.fiu.edu\/~dolatad\/wp-content\/uploads\/2023\/08\/Image-8-22-23-at-09.18-1-624x412.jpg 624w, https:\/\/faculty.fiu.edu\/~dolatad\/wp-content\/uploads\/2023\/08\/Image-8-22-23-at-09.18-1.jpg 652w\" sizes=\"auto, (max-width: 300px) 100vw, 300px\" \/><p id=\"caption-attachment-734\" class=\"wp-caption-text\">David Dolata &amp; Catherine Liddell in Basel<\/p><\/div>\n<p style=\"padding-left: 30px;\">\u201cIl Fronimo (1584): Thirty New Pages and a Smoking Gun.\u201d International Musicological Society Study Group Meeting \u201cTablature in Western Music\u201d at Basel Lute Days conference sponsored by the Deutsche Lautengesellschaft at the Schola Cantorum Basiliensis in Basel, Switzerland. September 14, 2022.<\/p>\n<p style=\"padding-left: 30px;\">&#8220;Stay Tuned&#8221; with Federico BonacossaMiami International GuitArt Festival. February 23, 2021.<\/p>\n<p style=\"padding-left: 30px;\">\u201cBe ye not leery about the viol: Everything you wanted to know about lyra viol tablature\u2026\u201d at A Thousand and One Tablatures, a meeting of the Study Group TABLATURE IN WESTERN MUSIC of the International Musicological Society, 10\/30\/19 at Boston University.<\/p>\n<p style=\"padding-left: 30px;\">&#8220;Lutorama, Take Two.&#8221;\u00a0Miami International GuitArt Festival. February 18, 2020.<\/p>\n<p style=\"padding-left: 30px;\">&#8220;Lutorama.&#8221;\u00a0Miami International GuitArt Festival. February 19, 2019.<\/p>\n<p style=\"padding-left: 30px;\"><em><img loading=\"lazy\" decoding=\"async\" class=\"alignleft wp-image-526\" src=\"http:\/\/faculty.fiu.edu\/~dolatad\/wp-content\/uploads\/2018\/06\/IMG_8381-150x150.jpg\" alt=\"\" width=\"200\" height=\"150\" srcset=\"https:\/\/faculty.fiu.edu\/~dolatad\/wp-content\/uploads\/2018\/06\/IMG_8381-300x225.jpg 300w, https:\/\/faculty.fiu.edu\/~dolatad\/wp-content\/uploads\/2018\/06\/IMG_8381-768x576.jpg 768w, https:\/\/faculty.fiu.edu\/~dolatad\/wp-content\/uploads\/2018\/06\/IMG_8381-1024x768.jpg 1024w, https:\/\/faculty.fiu.edu\/~dolatad\/wp-content\/uploads\/2018\/06\/IMG_8381-624x468.jpg 624w\" sizes=\"auto, (max-width: 200px) 100vw, 200px\" \/>Thirty Years of War:\u00a0Henrich Sch\u00fctz and<\/em><em>\u00a0<\/em><em>Music in Protestant Germany,\u00a0<\/em>Roundtable Chair. Boston University.\u00a0May 12, 2018.<\/p>\n<p style=\"padding-left: 30px;\">&#8220;Baroque Guitar Tablature and Alfabeto.&#8221;\u00a0Miami International Guitar Festival. February 21, 2018.<\/p>\n<p style=\"padding-left: 30px;\">&#8220;CESR Encyclopedia of Tablature.&#8221; Miami International Guitar Festival. February 22, 2017.<\/p>\n<p style=\"break-after: auto; padding-left: 30px;\">\u201cFretted Instrument Iconography and Temperament: Something or Nothing?\u201d Society for Seventeenth-Century Music in Iowa City, Iowa. April 25, 2015.<\/p>\n<p style=\"padding-left: 30px;\">\u201cThe Making of Il Furioso\u2019s Battaglia d\u2019amore\u201d on the Boston University College of Arts and Sciences Editorial Institute lecture series. April 16, 2015; April 8, 2014; April 9, 2013; and April 12, 2012<\/p>\n<p style=\"break-after: auto; padding-left: 30px;\">\u201cCESR Encyclopedia of Tablature.\u201d Boston University Center for Early Music Studies. April 15, 2015.<\/p>\n<p style=\"padding-left: 30px;\">\u201cTablature Encyclopedia.\u201d With John Griffiths. S\u00e9minaire de recherche en musicologie au Centre d&#8217;\u00e9tudes sup\u00e9rieures de la Renaissance, Universit\u00e9 Fran\u00e7ois-Rabelais de Tours. Tours, France. May 30, 2013.<\/p>\n<div align=\"left\">\n<figure>\n<figure>\n<div id=\"attachment_508\" style=\"width: 310px\" class=\"wp-caption alignright\"><img loading=\"lazy\" decoding=\"async\" aria-describedby=\"caption-attachment-508\" class=\"wp-image-508 size-medium\" src=\"http:\/\/faculty.fiu.edu\/~dolatad\/wp-content\/uploads\/2018\/02\/Image-1-300x225.jpg\" alt=\"\" width=\"300\" height=\"225\" srcset=\"https:\/\/faculty.fiu.edu\/~dolatad\/wp-content\/uploads\/2018\/02\/Image-1-300x225.jpg 300w, https:\/\/faculty.fiu.edu\/~dolatad\/wp-content\/uploads\/2018\/02\/Image-1-768x576.jpg 768w, https:\/\/faculty.fiu.edu\/~dolatad\/wp-content\/uploads\/2018\/02\/Image-1-1024x768.jpg 1024w, https:\/\/faculty.fiu.edu\/~dolatad\/wp-content\/uploads\/2018\/02\/Image-1-624x468.jpg 624w, https:\/\/faculty.fiu.edu\/~dolatad\/wp-content\/uploads\/2018\/02\/Image-1.jpg 2048w\" sizes=\"auto, (max-width: 300px) 100vw, 300px\" \/><p id=\"caption-attachment-508\" class=\"wp-caption-text\">Victor Coelho &amp; David Dolata at Boston University Center for Early Music Studies<\/p><\/div>\n<\/figure>\n<\/figure>\n<\/div>\n<p style=\"padding-left: 30px;\">\u201cHistorical Tuning Systems on Fretted instruments.\u201d Boston University Center For Early Music Studies lecture series. April 11, 2013.<\/p>\n<p style=\"padding-left: 30px;\">\u201cI know what I like and I like what I know,\u201d on FIU\u2019s Tuesday Times Talks series on November 10, 2009.<\/p>\n<p style=\"padding-left: 30px;\">\u201cVisual and Poetic Allegory in Bellerofonte Castaldi\u2019s Extraordinary Capricci a due stromenti,\u201d at \u201cCui dono lepidum novum libellum, Dedicating Latin Works and Motets in the Sixteenth Century: Theory and Practice\u201d on August 19, 2005 at the Academia Belgica in Rome, Italy.<\/p>\n<p style=\"padding-left: 30px;\">\u201cVisual and Poetic Allegory in Bellerofonte Castaldi\u2019s Extraordinary Capricci a due stromenti,\u201d Medieval\/Renaissance Conference 2005, Tours, France on July 15, 2005.<\/p>\n<p style=\"padding-left: 30px;\">\u201cRhetoric and Expression in the Mid-Seventeenth-Century French Air: A Rationale for Compositional Style and Performance.\u201d\u00a0 Lecture-recital with Catherine Gordon-Seifert and Elizabeth Belgrano.\u00a0 Society for Seventeenth-Century Music Annual Conference on April 17, 2005 at Northwestern University in Evanston, Ill.<\/p>\n<p style=\"padding-left: 30px;\">\u201cThe Theorbo, Pitch, and Temperament in Light of Greek Musical Theories,\u201d lecture recital for Vascular Sonography Dept. at Nova Southeastern University on January 24, 2005.<\/p>\n<p style=\"padding-left: 30px;\">\u201cSolo Italian Theorbo Music,\u201d lecture recital for NIH Renal Study Meeting in Ft. Lauderdale on January 20, 2005.<\/p>\n<p style=\"padding-left: 30px;\">\u201cBellerofonte Castaldi\u2019s Extraordinary Capricci a due stromenti,\u201d national meeting of the Society for Seventeenth-Century Music at La Jolla, California on April 16, 2004.<\/p>\n<p style=\"padding-left: 30px;\">\u201cAn Introduction to Historic Dance,\u201d with Mary Dolata presented at the Northwest Bach Festival, directed by Gunther Schuller, on February 5, 2003.<\/p>\n<p style=\"padding-left: 30px;\">\u201cPerformance Practice for Plucked String Instruments\u201d presented at the University of Cincinnati College Conservatory of Music Classical Guitar Workshop, on July 30, 2002.<\/p>\n<p style=\"padding-left: 30px;\">\u201cBaroque Hipp-Hopp: An Introduction to Historically Informed Performance Practice,\u201d presented at the Northwest Bach Festival, directed by Gunther Schuller, on February 11, 2002.<\/p>\n<figure>\n<figure>\n<div style=\"width: 198px\" class=\"wp-caption alignright\"><img loading=\"lazy\" decoding=\"async\" src=\"http:\/\/faculty.fiu.edu\/~dolatad\/wordpress\/wp-content\/uploads\/2017\/05\/fullsizeoutput_2223-188x300.jpeg\" alt=\"\" width=\"188\" height=\"300\" \/><p class=\"wp-caption-text\">At Castaldi CD recording session in Clauzetto, Italy<\/p><\/div>\n<\/figure>\n<\/figure>\n<p style=\"padding-left: 30px;\">\u201cMeantone Temperaments on the Lute\u201d read at the national meeting of the Society for Seventeenth-Century Music at the Shrine of Musical Instruments at the University of South Dakota on April 30, 2000.<\/p>\n<p style=\"padding-left: 30px;\">\u201cHistorical Lute Temperaments\u201d read at the Pacific Northwest Chapter Meeting of the American Musicological Society at Western Washington University, Bellingham, Washington on April 8, 2000.<\/p>\n<p style=\"padding-left: 30px;\">\u201cWhy is Equal Temperament Out of Tune When it is In Tune?\u201d\u00a0 Presentation at Washington Music Educators Association Conference in Yakima, Washington on February 19, 2000.<\/p>\n<p style=\"padding-left: 30px;\">\u201cBellerofonte\u2019s Muse: The Poetry of the Modenese Musician Bellerofonte Castaldi (1580-<\/p>\n<p style=\"padding-left: 30px;\">1649)\u201d read at the Allegheny Chapter Meeting of the American Musicological Society at Akron, Ohio on April 24, 1999.<\/p>\n<p style=\"padding-left: 30px;\">Pre-concert Lectures for Spokane Symphony Orchestra and Allegro: Baroque and Beyond (2000\u20132003).<\/p>\n<p><strong>Awards<\/strong><\/p>\n<p style=\"padding-left: 30px;\">n 2025 Dr. Dolata won a College of Communication, Architecture + The Arts Research and Creative Activities Award.<\/p>\n","protected":false},"excerpt":{"rendered":"<p>Books &nbsp; Meantone Temperaments on Lutes and Viols.&nbsp;Indiana University Press, 2016. &nbsp; Critical Editions Two Spiritual Monodies by G.G. Kapsperger with Margaret Murata. Society for Seventeenth-Century Music Web Library. 2011. Link to Edition. Journal and Encyclopedia Articles \u201cStay Tuned: Temperament for Solo Lute 1600\u20131750,&nbsp;BACH: Journal of the &nbsp;Riemenschneider Bach Institute, special tunings and temperaments issue [&hellip;]<\/p>\n","protected":false},"author":1,"featured_media":0,"parent":26,"menu_order":0,"comment_status":"closed","ping_status":"closed","template":"page-templates\/full-width.php","meta":{"footnotes":""},"class_list":["post-27","page","type-page","status-publish","hentry"],"_links":{"self":[{"href":"https:\/\/faculty.fiu.edu\/~dolatad\/wp-json\/wp\/v2\/pages\/27","targetHints":{"allow":["GET"]}}],"collection":[{"href":"https:\/\/faculty.fiu.edu\/~dolatad\/wp-json\/wp\/v2\/pages"}],"about":[{"href":"https:\/\/faculty.fiu.edu\/~dolatad\/wp-json\/wp\/v2\/types\/page"}],"author":[{"embeddable":true,"href":"https:\/\/faculty.fiu.edu\/~dolatad\/wp-json\/wp\/v2\/users\/1"}],"replies":[{"embeddable":true,"href":"https:\/\/faculty.fiu.edu\/~dolatad\/wp-json\/wp\/v2\/comments?post=27"}],"version-history":[{"count":145,"href":"https:\/\/faculty.fiu.edu\/~dolatad\/wp-json\/wp\/v2\/pages\/27\/revisions"}],"predecessor-version":[{"id":1021,"href":"https:\/\/faculty.fiu.edu\/~dolatad\/wp-json\/wp\/v2\/pages\/27\/revisions\/1021"}],"up":[{"embeddable":true,"href":"https:\/\/faculty.fiu.edu\/~dolatad\/wp-json\/wp\/v2\/pages\/26"}],"wp:attachment":[{"href":"https:\/\/faculty.fiu.edu\/~dolatad\/wp-json\/wp\/v2\/media?parent=27"}],"curies":[{"name":"wp","href":"https:\/\/api.w.org\/{rel}","templated":true}]}}